{"id":1283,"date":"2024-08-11T16:17:46","date_gmt":"2024-08-11T16:17:46","guid":{"rendered":"https:\/\/i-coms.de\/?page_id=1283"},"modified":"2024-08-11T17:20:49","modified_gmt":"2024-08-11T17:20:49","slug":"consulting","status":"publish","type":"page","link":"https:\/\/i-coms.de\/?page_id=1283","title":{"rendered":"Consulting"},"content":{"rendered":"<div class=\"wpb-content-wrapper\"><p>[vc_row][vc_column width=&#8220;1\/3&#8243;][vc_custom_heading text=&#8220;Agile Coach&#8220; google_fonts=&#8220;font_family:Oswald%3A300%2Cregular%2C700|font_style:400%20regular%3A400%3Anormal&#8220;][vc_custom_heading text=&#8220;Gern begleite ich Sie auf Ihrem Weg in die agile Arbeitswelt.&#8220; font_container=&#8220;tag:h6|text_align:left&#8220; google_fonts=&#8220;font_family:Oswald%3A300%2Cregular%2C700|font_style:300%20light%20regular%3A300%3Anormal&#8220;][\/vc_column][vc_column width=&#8220;1\/3&#8243;][vc_custom_heading text=&#8220;Personal Vermittlung&#8220; google_fonts=&#8220;font_family:Oswald%3A300%2Cregular%2C700|font_style:400%20regular%3A400%3Anormal&#8220;][vc_custom_heading text=&#8220;Ihre vakanten Stellen sind bei uns in guten H\u00e4nden. Klein aber fein! Mit einer 50% Quote landen unsere Profile bei Ihnen im Interview. Bei uns geht es um Qualit\u00e4t und weniger um Quantit\u00e4t.&#8220; font_container=&#8220;tag:h6|text_align:left&#8220; google_fonts=&#8220;font_family:Oswald%3A300%2Cregular%2C700|font_style:300%20light%20regular%3A300%3Anormal&#8220;][\/vc_column][vc_column width=&#8220;1\/3&#8243;][vc_custom_heading text=&#8220;Synergien nutzen&#8220; google_fonts=&#8220;font_family:Oswald%3A300%2Cregular%2C700|font_style:400%20regular%3A400%3Anormal&#8220;][vc_custom_heading text=&#8220;Die M\u00e4rkte bewegen sich laufend. Wir haben unsere Insights und Sie haben Ihre. Beide zusammen schaffen unternehmerisches Potenzial. Das l\u00e4sst so manche offene Entscheidung leichter werden. Sprechen Sie uns an.&#8220; font_container=&#8220;tag:h6|text_align:left&#8220; google_fonts=&#8220;font_family:Oswald%3A300%2Cregular%2C700|font_style:300%20light%20regular%3A300%3Anormal&#8220;][\/vc_column][\/vc_row]<\/p>\n<\/div>","protected":false},"excerpt":{"rendered":"[vc_row][vc_column width=\"1\/3\"][vc_custom_heading text=\"Agile Coach\" google_fonts=\"font_family:Oswald%3A300%2Cregular%2C700|font_style:400%20regular%3A400%3Anormal\"][vc_custom_heading text=\"Gern begleite ich Sie auf Ihrem Weg in die agile Arbeitswelt.\" font_container=\"tag:h6|text_align:left\" google_fonts=\"font_family:Oswald%3A300%2Cregular%2C700|font_style:300%20light%20regular%3A300%3Anormal\"][\/vc_column][vc_column width=\"1\/3\"][vc_custom_heading text=\"Personal Vermittlung\" google_fonts=\"font_family:Oswald%3A300%2Cregular%2C700|font_style:400%20regular%3A400%3Anormal\"][vc_custom_heading text=\"Ihre vakanten Stellen sind bei uns in guten H\u00e4nden. Klein aber fein! Mit einer 50% Quote landen unsere Profile bei Ihnen im Interview. Bei uns geht es um Qualit\u00e4t und weniger um Quantit\u00e4t.\" &hellip; <p class=\"link-more\"><a href=\"https:\/\/i-coms.de\/?page_id=1283\" class=\"more-link\"><span class=\"screen-reader-text\">\u201eConsulting\u201c<\/span> weiterlesen<\/a><\/p>","protected":false},"author":1,"featured_media":0,"parent":0,"menu_order":2,"comment_status":"closed","ping_status":"closed","template":"","meta":{"_seopress_robots_primary_cat":"","_seopress_titles_title":"","_seopress_titles_desc":"","_seopress_robots_index":"","_monsterinsights_skip_tracking":false,"_monsterinsights_sitenote_active":false,"_monsterinsights_sitenote_note":"","_monsterinsights_sitenote_category":0,"footnotes":""},"class_list":["post-1283","page","type-page","status-publish","hentry"],"_links":{"self":[{"href":"https:\/\/i-coms.de\/index.php?rest_route=\/wp\/v2\/pages\/1283","targetHints":{"allow":["GET"]}}],"collection":[{"href":"https:\/\/i-coms.de\/index.php?rest_route=\/wp\/v2\/pages"}],"about":[{"href":"https:\/\/i-coms.de\/index.php?rest_route=\/wp\/v2\/types\/page"}],"author":[{"embeddable":true,"href":"https:\/\/i-coms.de\/index.php?rest_route=\/wp\/v2\/users\/1"}],"replies":[{"embeddable":true,"href":"https:\/\/i-coms.de\/index.php?rest_route=%2Fwp%2Fv2%2Fcomments&post=1283"}],"version-history":[{"count":7,"href":"https:\/\/i-coms.de\/index.php?rest_route=\/wp\/v2\/pages\/1283\/revisions"}],"predecessor-version":[{"id":1299,"href":"https:\/\/i-coms.de\/index.php?rest_route=\/wp\/v2\/pages\/1283\/revisions\/1299"}],"wp:attachment":[{"href":"https:\/\/i-coms.de\/index.php?rest_route=%2Fwp%2Fv2%2Fmedia&parent=1283"}],"curies":[{"name":"wp","href":"https:\/\/api.w.org\/{rel}","templated":true}]}}