{"id":397,"date":"2012-07-01T16:21:49","date_gmt":"2012-07-01T16:21:49","guid":{"rendered":"http:\/\/teothemes.com\/wp\/scrn\/?page_id=397"},"modified":"2024-08-11T16:32:01","modified_gmt":"2024-08-11T16:32:01","slug":"about","status":"publish","type":"page","link":"https:\/\/i-coms.de\/?page_id=397","title":{"rendered":"About"},"content":{"rendered":"<div class=\"wpb-content-wrapper\"><p>[vc_row][vc_column width=&#8220;1\/2&#8243;][vc_custom_heading text=&#8220;Markenst\u00e4rke lohnt sich!&#8220; font_container=&#8220;tag:h3|text_align:left&#8220; google_fonts=&#8220;font_family:Oswald%3A300%2Cregular%2C700|font_style:300%20light%20regular%3A300%3Anormal&#8220;][vc_custom_heading text=&#8220;Nichts ist spannender als die Reise unserer Kunden. Welche Ber\u00fchrungspunkte \u2013 auch Touchpoints genannt \u2013 haben sie mit unserer Marke? Werden sie stets zuvorkommend bedient und erhalten, was sie erwarten? Erf\u00fcllen Marken die Erwartungen der Nutzer? Ist das messbar? K\u00f6nnen die Daten f\u00fcr Marke und Mensch genutzt werden? Das ist der wichtige Dreiklang, den ich Ihnen gerne aufzeige. Ihr Marketing-Profi I. Oelschl\u00e4gel&#8220; font_container=&#8220;tag:h6|text_align:left&#8220; google_fonts=&#8220;font_family:Oswald%3A300%2Cregular%2C700|font_style:300%20light%20regular%3A300%3Anormal&#8220;][\/vc_column][vc_column width=&#8220;1\/2&#8243;][vc_column_text]<img loading=\"lazy\" decoding=\"async\" class=\"alignnone wp-image-1153 size-full\" src=\"https:\/\/i-coms.de\/wp-content\/uploads\/2022\/02\/ivonne-e1645109606357.jpg\" alt=\"\" width=\"360\" height=\"360\" \/>[\/vc_column_text][\/vc_column][\/vc_row]<\/p>\n<\/div>","protected":false},"excerpt":{"rendered":"<p>[vc_row][vc_column width=&#8220;1\/2&#8243;][vc_custom_heading text=&#8220;Markenst\u00e4rke lohnt sich!&#8220; font_container=&#8220;tag:h3|text_align:left&#8220; google_fonts=&#8220;font_family:Oswald%3A300%2Cregular%2C700|font_style:300%20light%20regular%3A300%3Anormal&#8220;][vc_custom_heading text=&#8220;Nichts ist spannender als die Reise unserer Kunden. Welche Ber\u00fchrungspunkte \u2013 auch Touchpoints genannt \u2013 haben sie mit unserer Marke? Werden sie stets zuvorkommend bedient und erhalten, was sie erwarten? Erf\u00fcllen Marken die Erwartungen der Nutzer? Ist das messbar? K\u00f6nnen die Daten f\u00fcr Marke und Mensch genutzt werden? &hellip; <\/p>\n<p class=\"link-more\"><a href=\"https:\/\/i-coms.de\/?page_id=397\" class=\"more-link\"><span class=\"screen-reader-text\">\u201eAbout\u201c<\/span> weiterlesen<\/a><\/p>\n","protected":false},"author":1,"featured_media":0,"parent":0,"menu_order":3,"comment_status":"closed","ping_status":"open","template":"","meta":{"_seopress_robots_primary_cat":"","_seopress_titles_title":"","_seopress_titles_desc":"","_seopress_robots_index":"","_monsterinsights_skip_tracking":false,"_monsterinsights_sitenote_active":false,"_monsterinsights_sitenote_note":"","_monsterinsights_sitenote_category":0,"footnotes":""},"class_list":["post-397","page","type-page","status-publish","hentry"],"_links":{"self":[{"href":"https:\/\/i-coms.de\/index.php?rest_route=\/wp\/v2\/pages\/397","targetHints":{"allow":["GET"]}}],"collection":[{"href":"https:\/\/i-coms.de\/index.php?rest_route=\/wp\/v2\/pages"}],"about":[{"href":"https:\/\/i-coms.de\/index.php?rest_route=\/wp\/v2\/types\/page"}],"author":[{"embeddable":true,"href":"https:\/\/i-coms.de\/index.php?rest_route=\/wp\/v2\/users\/1"}],"replies":[{"embeddable":true,"href":"https:\/\/i-coms.de\/index.php?rest_route=%2Fwp%2Fv2%2Fcomments&post=397"}],"version-history":[{"count":43,"href":"https:\/\/i-coms.de\/index.php?rest_route=\/wp\/v2\/pages\/397\/revisions"}],"predecessor-version":[{"id":1293,"href":"https:\/\/i-coms.de\/index.php?rest_route=\/wp\/v2\/pages\/397\/revisions\/1293"}],"wp:attachment":[{"href":"https:\/\/i-coms.de\/index.php?rest_route=%2Fwp%2Fv2%2Fmedia&parent=397"}],"curies":[{"name":"wp","href":"https:\/\/api.w.org\/{rel}","templated":true}]}}