{"id":49,"date":"2012-06-23T18:24:00","date_gmt":"2012-06-23T18:24:00","guid":{"rendered":"http:\/\/teothemes.com\/wp\/scrn\/?page_id=49"},"modified":"2024-08-11T15:54:22","modified_gmt":"2024-08-11T15:54:22","slug":"services","status":"publish","type":"page","link":"https:\/\/i-coms.de\/?page_id=49","title":{"rendered":"Branding"},"content":{"rendered":"<div class=\"wpb-content-wrapper\"><p>[vc_row][vc_column width=&#8220;1\/3&#8243;][vc_custom_heading text=&#8220;Markenaufbau, Markenst\u00e4rkung&#8220; google_fonts=&#8220;font_family:Oswald%3A300%2Cregular%2C700|font_style:400%20regular%3A400%3Anormal&#8220;][vc_custom_heading text=&#8220;Fr\u00fcher sprach man von USP, also objektiven Vorteilen eines Produktes im Vergleich zum Wettbewerb. Inzwischen sind viele M\u00e4rkte mit nahezu identischen Produkten \u00fcbers\u00e4ttigt. Die Customer Experience ist so etwas wie der neue USP &#8211; der letzte wirkliche Unterschied. Werden Ihre Kunden auf der Customer Journey entlang des Verkaufes Ihrer Produkte herausragend bedient?&#8220; font_container=&#8220;tag:h6|text_align:left&#8220; google_fonts=&#8220;font_family:Oswald%3A300%2Cregular%2C700|font_style:300%20light%20regular%3A300%3Anormal&#8220;][\/vc_column][vc_column width=&#8220;1\/3&#8243;][vc_custom_heading text=&#8220;Corporate Design&#8220; google_fonts=&#8220;font_family:Oswald%3A300%2Cregular%2C700|font_style:400%20regular%3A400%3Anormal&#8220;][vc_custom_heading text=&#8220;Gute Produkte, Services und Abl\u00e4ufe sind Indikatoren f\u00fcr eine starke Marke. Doch was passiert, wenn w\u00e4hrend der Customer Journey der Bezug zur Marke fehlt? Die Kunden kommen nicht wieder \u2013 sie k\u00f6nnen sich schlicht nicht mehr erinnern, wo sie so gute Erfahrungen gemacht haben. Ist Ihr Erscheinungsbild an allen Touchpoints vorhanden f\u00fcr ein einpr\u00e4gsames Markenerlebnis?&#8220; font_container=&#8220;tag:h6|text_align:left&#8220; google_fonts=&#8220;font_family:Oswald%3A300%2Cregular%2C700|font_style:300%20light%20regular%3A300%3Anormal&#8220;][\/vc_column][vc_column width=&#8220;1\/3&#8243;][vc_custom_heading text=&#8220;Employer Branding&#8220; google_fonts=&#8220;font_family:Oswald%3A300%2Cregular%2C700|font_style:400%20regular%3A400%3Anormal&#8220;][vc_custom_heading text=&#8220;Markenbindung f\u00fcr Ihre Mitarbeiter oder die, die Sie sich w\u00fcnschen. Integrierte Kommunikation wirkt nicht nur bei Ihren Kunden! Sie wirkt \u00fcbergreifend um Sie insgesamt als attraktiven Arbeitgeber darzustellen und von anderen Wettbewerbern im Arbeitsmarkt positiv abzuheben. Sind Ihre Mitarbeiter stolz auf Ihre Marke? Kommen Sie leicht an neue attraktive Mitarbeiter?&#8220; font_container=&#8220;tag:h6|text_align:left&#8220; google_fonts=&#8220;font_family:Oswald%3A300%2Cregular%2C700|font_style:300%20light%20regular%3A300%3Anormal&#8220;][\/vc_column][\/vc_row]<\/p>\n<\/div>","protected":false},"excerpt":{"rendered":"<p>[vc_row][vc_column width=&#8220;1\/3&#8243;][vc_custom_heading text=&#8220;Markenaufbau, Markenst\u00e4rkung&#8220; google_fonts=&#8220;font_family:Oswald%3A300%2Cregular%2C700|font_style:400%20regular%3A400%3Anormal&#8220;][vc_custom_heading text=&#8220;Fr\u00fcher sprach man von USP, also objektiven Vorteilen eines Produktes im Vergleich zum Wettbewerb. Inzwischen sind viele M\u00e4rkte mit nahezu identischen Produkten \u00fcbers\u00e4ttigt. Die Customer Experience ist so etwas wie der neue USP &#8211; der letzte wirkliche Unterschied. Werden Ihre Kunden auf der Customer Journey entlang des Verkaufes Ihrer Produkte &hellip; <\/p>\n<p class=\"link-more\"><a href=\"https:\/\/i-coms.de\/?page_id=49\" class=\"more-link\"><span class=\"screen-reader-text\">\u201eBranding\u201c<\/span> weiterlesen<\/a><\/p>\n","protected":false},"author":1,"featured_media":0,"parent":0,"menu_order":2,"comment_status":"closed","ping_status":"open","template":"","meta":{"_seopress_robots_primary_cat":"","_seopress_titles_title":"Branding","_seopress_titles_desc":"","_seopress_robots_index":"","_monsterinsights_skip_tracking":false,"_monsterinsights_sitenote_active":false,"_monsterinsights_sitenote_note":"","_monsterinsights_sitenote_category":0,"footnotes":""},"class_list":["post-49","page","type-page","status-publish","hentry"],"_links":{"self":[{"href":"https:\/\/i-coms.de\/index.php?rest_route=\/wp\/v2\/pages\/49","targetHints":{"allow":["GET"]}}],"collection":[{"href":"https:\/\/i-coms.de\/index.php?rest_route=\/wp\/v2\/pages"}],"about":[{"href":"https:\/\/i-coms.de\/index.php?rest_route=\/wp\/v2\/types\/page"}],"author":[{"embeddable":true,"href":"https:\/\/i-coms.de\/index.php?rest_route=\/wp\/v2\/users\/1"}],"replies":[{"embeddable":true,"href":"https:\/\/i-coms.de\/index.php?rest_route=%2Fwp%2Fv2%2Fcomments&post=49"}],"version-history":[{"count":42,"href":"https:\/\/i-coms.de\/index.php?rest_route=\/wp\/v2\/pages\/49\/revisions"}],"predecessor-version":[{"id":1282,"href":"https:\/\/i-coms.de\/index.php?rest_route=\/wp\/v2\/pages\/49\/revisions\/1282"}],"wp:attachment":[{"href":"https:\/\/i-coms.de\/index.php?rest_route=%2Fwp%2Fv2%2Fmedia&parent=49"}],"curies":[{"name":"wp","href":"https:\/\/api.w.org\/{rel}","templated":true}]}}